{"id":216,"date":"2022-08-25T18:14:48","date_gmt":"2022-08-25T15:14:48","guid":{"rendered":"https:\/\/www.hiihtokunkku.fi\/?page_id=216"},"modified":"2026-04-02T09:18:32","modified_gmt":"2026-04-02T06:18:32","slug":"hinnasto","status":"publish","type":"page","link":"https:\/\/www.hiihtokunkku.fi\/index.php\/hinnasto\/","title":{"rendered":"Hinnasto"},"content":{"rendered":"\n<div class=\"wp-block-columns is-layout-flex wp-container-core-columns-is-layout-9d6595d7 wp-block-columns-is-layout-flex\">\n<div class=\"wp-block-column is-layout-flow wp-block-column-is-layout-flow\" style=\"flex-basis:100%\">\n<h3 class=\"wp-block-heading alignfull has-white-color has-text-color has-background\" style=\"background-color:#2c2e33;text-transform:uppercase\">Huoltopalvelut<\/h3>\n\n\n\n<p class=\"has-white-color has-text-color has-background\" style=\"background-color:#2c2e33\">&#8211; Hiihtosuksien voitelut ja huollot<br>&#8211; Laskettelusuksien ja lumilautojen voitelut ja kanttien teroitukset<br>&#8211; Hiihtosuksien siteiden asennukset ja siirrot<br>&#8211; Suksien pohjan paikkaukset, pitokarvan asennukset (hyllyss\u00e4 laaja valikoima pitokarvoja) ja sauvojen lyhennykset<br><strong>&#8211; <\/strong>Maastohiihtosuksien kivihionta<\/p>\n\n\n\n<h3 class=\"wp-block-heading alignfull has-white-color has-text-color has-background\" style=\"background-color:#2c2e33;text-transform:uppercase\">hinnasto<\/h3>\n\n\n\n<h4 class=\"wp-block-heading alignfull has-text-color has-background\" style=\"color:#51c0a8;background-color:#2c2e33;text-transform:uppercase\"><strong>Hiihtosukset<\/strong>:<\/h4>\n\n\n\n<figure class=\"wp-block-table aligncenter\"><table class=\"has-white-color has-text-color has-background has-fixed-layout\" style=\"background-color:#2c2e33\"><tbody><tr><td><strong>LUISTOVOITELU:<\/strong><\/td><td class=\"has-text-align-right\" data-align=\"right\"><\/td><\/tr><tr><td>Pohjustus + kelivoitelu (LF-vaha + UF-neste)<\/td><td class=\"has-text-align-right\" data-align=\"right\">35\u20ac<\/td><\/tr><tr><td>Luistovoitelu (LF-vaha + nappipuuro)<\/td><td class=\"has-text-align-right\" data-align=\"right\">29\u20ac<\/td><\/tr><tr><td>Luistovoitelu (LF-vaha + HF-neste)<\/td><td class=\"has-text-align-right\" data-align=\"right\">20\u20ac<\/td><\/tr><tr><td>Kisavoitelu 1 (pinnoitteena pulveri)<\/td><td class=\"has-text-align-right\" data-align=\"right\">65\u20ac<\/td><\/tr><tr><td>Kisavoitelu 2 (pinnoitteena nappipuuro)<\/td><td class=\"has-text-align-right\" data-align=\"right\">45\u20ac<\/td><\/tr><tr><td>Suojavaha<\/td><td class=\"has-text-align-right\" data-align=\"right\">10\u20ac<\/td><\/tr><tr><td>Kivihionta (valittavissa v\u00e4hint\u00e4\u00e4n 30\u20ac hintaisen voitelun yhteydess\u00e4)<\/td><td class=\"has-text-align-right\" data-align=\"right\">30\u20ac<\/td><\/tr><\/tbody><\/table><\/figure>\n\n\n\n<figure class=\"wp-block-pullquote has-text-color has-background\" style=\"color:#52c0a8;background-color:#2c2e33\"><blockquote><p>Kaikki luistovoitelumme sis\u00e4lt\u00e4v\u00e4t luistopintojen puhdistuksen ja kelin mukaisen pintakuvion k\u00e4sikuviointilaitteella.<br><br>Kaikki voitelumme ovat valittavissa joko fluorillisena tai fluorittomana.<br><br>Uutena huoltopalveluna kaudella 2024-2025: Suksien puhdistus fluorista, hinta 30\u20ac\/suksipari<\/p><\/blockquote><\/figure>\n<\/div>\n<\/div>\n\n\n\n<figure class=\"wp-block-table aligncenter\"><table class=\"has-white-color has-text-color has-background has-fixed-layout\" style=\"background-color:#2c2e33\"><tbody><tr><td><strong>PITOVOITELU:<\/strong><\/td><td class=\"has-text-align-right\" data-align=\"right\"><\/td><\/tr><tr><td>Pitovoitelu 1 (pohjavoide + purkkivoide)<\/td><td class=\"has-text-align-right\" data-align=\"right\">15\u20ac<\/td><\/tr><tr><td>Pitovoitelu 2 (pohjavoide + liisteri)<\/td><td class=\"has-text-align-right\" data-align=\"right\">19\u20ac<\/td><\/tr><tr><td>Pitoteippi + asennus<\/td><td class=\"has-text-align-right\" data-align=\"right\">19\u20ac<\/td><\/tr><tr><td>Pitokarvan vaihtoty\u00f6 (ei sis\u00e4ll\u00e4 karvaa)<\/td><td class=\"has-text-align-right\" data-align=\"right\">10-15\u20ac<\/td><\/tr><tr><td>Pitokarvoja useita merkkej\u00e4 ja pituuksia<\/td><td class=\"has-text-align-right\" data-align=\"right\">Kysy hinta ja saatavuus<\/td><\/tr><tr><td>Pitoalueen puhdistus<\/td><td class=\"has-text-align-right\" data-align=\"right\">10\u20ac<\/td><\/tr><\/tbody><\/table><\/figure>\n\n\n\n<h4 class=\"wp-block-heading has-text-color has-background\" style=\"color:#51c0a8;background-color:#2c2e33;text-transform:uppercase\"><strong>Laskettelusukset ja lumilaudat<\/strong>:<\/h4>\n\n\n\n<figure class=\"wp-block-table aligncenter\"><table class=\"has-white-color has-text-color has-background has-fixed-layout\" style=\"background-color:#2c2e33\"><tbody><tr><td>Voitelu (LF)<\/td><td class=\"has-text-align-right\" data-align=\"right\">25\u20ac<\/td><\/tr><tr><td>Kanttien teroitus<\/td><td class=\"has-text-align-right\" data-align=\"right\">25\u20ac<\/td><\/tr><tr><td>Pohjanpaikkaus<\/td><td class=\"has-text-align-right\" data-align=\"right\">alk. 20\u20ac<\/td><\/tr><\/tbody><\/table><\/figure>\n\n\n\n<h4 class=\"wp-block-heading has-text-color has-background\" style=\"color:#51c0a8;background-color:#2c2e33;text-transform:uppercase\"><strong>Muut:<\/strong><\/h4>\n\n\n\n<figure class=\"wp-block-table aligncenter\"><table class=\"has-white-color has-text-color has-background has-fixed-layout\" style=\"background-color:#2c2e33\"><tbody><tr><td>Suksihotelli<br>Palvelu sis\u00e4lt\u00e4\u00e4:<br>&#8211; Suksien puhdistus (my\u00f6s pitovoiteet)<br>&#8211; Suojavaha<br>&#8211; Suksien s\u00e4ilytys hiihtokauden ulkopuolella<br>&#8211; Uuden kauden alkaessa sukset k\u00e4ytt\u00f6\u00f6n hiihtovalmiina (=pohjustus + kelivoideltuna)<\/td><td class=\"has-text-align-right\" data-align=\"right\">39\u20ac\/ suksipari\/ kausi<\/td><\/tr><tr><td>Sauvan lyhennys<\/td><td class=\"has-text-align-right\" data-align=\"right\">10\u20ac<\/td><\/tr><tr><td>Hiihtosuksien siteen siirto<\/td><td class=\"has-text-align-right\" data-align=\"right\">20\u20ac<\/td><\/tr><tr><td>Irronneen siteen korjaus ja kiinnitys uudelleen<\/td><td class=\"has-text-align-right\" data-align=\"right\">30\u20ac<\/td><\/tr><\/tbody><\/table><\/figure>\n\n\n\n<p class=\"has-white-color has-text-color has-background\" style=\"background-color:#2c2e33\">Kaikki hinnat sis\u00e4lt\u00e4v\u00e4t ALV 25,5%<\/p>\n\n\n\n<p class=\"has-white-color has-text-color has-background\" style=\"background-color:#2c2e33\">Mik\u00e4li et l\u00f6yt\u00e4nyt hinnastosta mieleist\u00e4 vaihtoehtoa omaan huoltotarpeeseesi, ota yhteytt\u00e4 ja r\u00e4\u00e4t\u00e4l\u00f6id\u00e4\u00e4n juuri sinun tarpeeseesi sopiva vaihtoehto.<\/p>\n\n\n\n<p class=\"has-white-color has-text-color has-background\" style=\"background-color:#2c2e33\">Tarjoamme my\u00f6s mahdollisuuden hankkia huoltopalveluiden lahjakortteja.<\/p>\n","protected":false},"excerpt":{"rendered":"<p>Huoltopalvelut &#8211; Hiihtosuksien voitelut ja huollot&#8211; Laskettelusuksien ja lumilautojen voitelut ja kanttien teroitukset&#8211; Hiihtosuksien siteiden asennukset ja siirrot&#8211; Suksien pohjan paikkaukset, pitokarvan asennukset (hyllyss\u00e4 laaja valikoima pitokarvoja) ja sauvojen lyhennykset&#8211;&hellip;<a href=\"https:\/\/www.hiihtokunkku.fi\/index.php\/hinnasto\/\" class=\"more-link\"><span class=\"more-button\">Continue reading<span class=\"screen-reader-text\">Hinnasto<\/span><\/span><\/a><\/p>\n","protected":false},"author":1,"featured_media":0,"parent":0,"menu_order":0,"comment_status":"closed","ping_status":"closed","template":"templates\/full-width-page.php","meta":{"footnotes":""},"class_list":["post-216","page","type-page","status-publish","hentry"],"_links":{"self":[{"href":"https:\/\/www.hiihtokunkku.fi\/index.php\/wp-json\/wp\/v2\/pages\/216","targetHints":{"allow":["GET"]}}],"collection":[{"href":"https:\/\/www.hiihtokunkku.fi\/index.php\/wp-json\/wp\/v2\/pages"}],"about":[{"href":"https:\/\/www.hiihtokunkku.fi\/index.php\/wp-json\/wp\/v2\/types\/page"}],"author":[{"embeddable":true,"href":"https:\/\/www.hiihtokunkku.fi\/index.php\/wp-json\/wp\/v2\/users\/1"}],"replies":[{"embeddable":true,"href":"https:\/\/www.hiihtokunkku.fi\/index.php\/wp-json\/wp\/v2\/comments?post=216"}],"version-history":[{"count":37,"href":"https:\/\/www.hiihtokunkku.fi\/index.php\/wp-json\/wp\/v2\/pages\/216\/revisions"}],"predecessor-version":[{"id":484,"href":"https:\/\/www.hiihtokunkku.fi\/index.php\/wp-json\/wp\/v2\/pages\/216\/revisions\/484"}],"wp:attachment":[{"href":"https:\/\/www.hiihtokunkku.fi\/index.php\/wp-json\/wp\/v2\/media?parent=216"}],"curies":[{"name":"wp","href":"https:\/\/api.w.org\/{rel}","templated":true}]}}